{"id":2275,"date":"2024-05-02T16:15:22","date_gmt":"2024-05-02T14:15:22","guid":{"rendered":"https:\/\/www.kameidi.lu\/?page_id=2275"},"modified":"2024-05-02T16:15:22","modified_gmt":"2024-05-02T14:15:22","slug":"chronik-theaterstecker","status":"publish","type":"page","link":"https:\/\/www.kameidi.lu\/index.php\/chronik-theaterstecker\/","title":{"rendered":"Chronik Theaterst\u00e9cker"},"content":{"rendered":"\n<figure class=\"wp-block-table\"><table><thead><tr><td><strong>Datum<\/strong><\/td><td><strong>St\u00e9ck<\/strong><\/td><td><strong>Auteur<\/strong><\/td><td><strong>Regisseur<\/strong><\/td><td><strong>Acteurs<\/strong><\/td><\/tr><\/thead><tbody><tr><td>1999<\/td><td>De leschte Kreesch<\/td><td>Josy Christen<\/td><td>Raym Lepine<\/td><td>Camille Capus,Marc Fonck, Nico Graff\u00e9, Pierre Haas, ChristineHermes, Claudine Hoffmann, Marcel Medernach, Nathalie Medernach, Sylvie Medernach, Marie-Paule Schoos, Jos\u00e9e Stieber.<\/td><\/tr><tr><td>2000<\/td><td>&#8211;<\/td><td>&#8211;<\/td><td>&#8211;<\/td><td>&#8211;<\/td><\/tr><tr><td>2001<\/td><td>D\u2019Kierchenauer vu Knousperd\u00e9ng<\/td><td>Josy Braun<\/td><td>Josy Braun<\/td><td>Marcel Medernach, Marc Maas, Jos\u00e9e Stieber, Sylvie Medernach, Nico Graff\u00e9, Nathalie Medernach, Christine Hermes, Anouk Hoffmann.<\/td><\/tr><tr><td>2002<\/td><td>Spaghetti \u00e0 la Mama De roude Soutien<\/td><td>Josy Braun<\/td><td>Josy Braun<\/td><td>Mex Etringer, Diane Schwickerath, Nadine Kraus, Josiane Schmit, Ren\u00e9e Maas, Marc Maas, Anouk Hoffmann, Carole Schaus, Christine Hermes, Nico Bemtgen.<\/td><\/tr><tr><td>2003<\/td><td>Don Camillo<\/td><td>Josy Christen<\/td><td>Marc Maas<\/td><td>Marc Maas, Marc Fisch, Norb Kasel, Christine Hermes, V\u00e9ronique Maas, Jos\u00e9e Krier, Christiane Krier, Pit Maas, Josiane Rauchs, Guy Etringer, Ben Bemtgen, David Kasel. Statisten: Fr\u00e4nz Bemtgen Tessy Bemtgen,Fabienne Kasel Jessy Krier, Jil Krier, Ren\u00e9e Maas, Malou Marx, Mike Ries, Carole Schaus, Laurent Schmit, Nadine Schmit, Laurent Theis.<\/td><\/tr><tr><td>2004<\/td><td>&#8211;<\/td><td>&#8211;<\/td><td>&#8211;<\/td><td>&#8211;<\/td><\/tr><tr><td>2005<\/td><td>&#8211;<\/td><td>&#8211;<\/td><td>&#8211;<\/td><td>&#8211;<\/td><\/tr><tr><td>2006<\/td><td>Sch\u00e4inhellegerowend<\/td><td>Jay Schiltz<\/td><td>Marc Maas<\/td><td>Christiane Krier, Josiane Schmit, Anouk Hoffmann, Christine Hermes, Sonja Konz, Georges Kirpach, Claude Stephany.<\/td><\/tr><tr><td>2007<\/td><td>Onheemlech<\/td><td>Christiane Kremer<\/td><td>Josiane Schmit Marc Maas<\/td><td>Anouk Hoffmann, Diane Schwickerath, Christiane Krier, Josiane Schmit, Christine Hermes, Guy Etringer, Michel Lopes, V\u00e9ronique Maas, Claude Stephany<\/td><\/tr><tr><td>2008<\/td><td>&#8211;<\/td><td>&#8211;<\/td><td>&#8211;<\/td><td>&#8211;<\/td><\/tr><tr><td>2009<\/td><td>Fro d\u00e4i Brudder<\/td><td>Fons Kontz<\/td><td>Fons Kontz<\/td><td>Christine Hermes, Diane Schwickerath, Frank Stammel, Georges Kirpach, V\u00e9ronique Maas, Claude Stephany, Michel Lopes.<\/td><\/tr><tr><td>2010<\/td><td>De Bop<\/td><td>Fons Kontz<\/td><td>Fons Kontz<\/td><td>Georges Kirpach, Christiane Krier, V\u00e9ro Maas, \u00c4nder Schmit, Claude Stephany, Nadine Schmit, Diane Schwickerath, Frank Stammel, Diane Rauchs.<\/td><\/tr><tr><td>2011<\/td><td>Mort Subite<\/td><td>Chistiane Kremer Pol Pepin<\/td><td>Marc Maas<\/td><td>Marie-Paule Arendt, Guy Etringer, Anouk Fischbach, Christine Hermes, Christiane Krier, Michel Lopes, Marc Maas, Diane Rauchs, Diane Schwickerath, Josiane Schmit, Frank Stammel, Claude Stephany.<\/td><\/tr><tr><td>2012<\/td><td>D\u00e9i beschte Medezin<\/td><td>Curt Goetz Fons Kontz<\/td><td>Fons Kontz V\u00e9ronique Rauen<\/td><td>Cindy Denuit, Caroline Hermes, Christine Hermes, Claude Hermes, Sophie Hermes, Georges Kirpach, Christiane Kr\u00e9ier, Marc Maas, Diane Rauchs, Fran\u00e7oise Reuter, Jisiane Schmit, Nadine Schmit, Anne Schwickerath, Diane Schwickerath, Frank Stammel, Claude Stephany.<\/td><\/tr><tr><td>2013<\/td><td>Verlugene Pak<\/td><td>Guy Geimer<\/td><td>Claude Stephany<\/td><td>Carlo Gatti, Christine Hermes, Claude Hermes Georges Kirpach, Christiane Krier, Ren\u00e9e Maas, Nadine Schmit, Diane Schwickerath, Frank Stammel.<\/td><\/tr><tr><td>2014<\/td><td>Puren Zoufall<\/td><td>Marc Herman Nadine Everling<\/td><td>Nadine Everling Anouk Hoffmann<\/td><td>Carlo Gatti, Christine Hermes, Laurence Kieffer, Georges Kirpach, Christiane Krier, Marc Maas, Nadine Schmit, Diane Schwickerath, Claude Stephany.<\/td><\/tr><tr><td>2015<\/td><td>Mord op Ordonnance<\/td><td>Christiane Kremer<\/td><td>Jos\u00e9e Thillmany Ren\u00e9e Maas<\/td><td>Carlo Gatty, Christiane Krier, Georges Kirpach, Christie Hermes, Claude Hermes, Marc Maas, Jemp Mallinger, Diane Rauchs, Josiane Schmit, Diane Schwickerath, Frank Stammel.<\/td><\/tr><tr><td>2016<\/td><td>14 Deeg Luxus<\/td><td>Rose M\u00fchlen<\/td><td>Marc Maas<\/td><td>Carlo Gatti, Christine Hermes, Sophie Hermes, Danielle Hoffmann, Georges Kirpach, Christiane Krier, Pir Krier, Ren\u00e9e Maas, Jemp Mallinger, Josiane Schmit, Nadine Schmit, Diane Schwickerath,&nbsp; Frank Stammel.<\/td><\/tr><tr><td>2017<\/td><td>Alles gestrach<\/td><td>Helmut Schmidt Joe Heintzen<\/td><td>Jos\u00e9e Thillmany<\/td><td>Georges Kirpach, Jemp Mallinger Diane Schwickerath, Carlo Gatti,Pir Krier, Diane Rauchs, Christine Hermes, Jill Junius, Marc Molling.<\/td><\/tr><tr><td>2018<\/td><td>De plakege F\u00ebnsterbotzer<\/td><td>Martina Worms Rose M\u00fchlen<\/td><td>Marc Maas Christine Hermes<\/td><td>Tiziana Di Millo, Carlo Gatti, Michele Grimaldi, Christine Hermes, Jill Junius, Georges Kirpach, Christiane Krier, Pir Krier, Marc Maas, Ren\u00e9e Maas, Marc Molling, Carole Schintgen, Josiane Schmit, Diane Schwickerath.<\/td><\/tr><tr><td>2019<\/td><td>Fluch a Flilleken<\/td><td>Marc Maas<\/td><td>Christine Hermes<\/td><td>Tiziana Di Millo, Sophie Hermes, Kim Rauchs, Carole Schintgen<\/td><\/tr><tr><td>2019<\/td><td>Stress am Schampes-Express<\/td><td>Bernd Spehling Roby Zenner<\/td><td>Guy Geimer<\/td><td>Tiziana Di Millo, Carlo Gatti, Christine Hermes, Sophie Hermes, Jeannot Huberty, Georges Kirpach, ren\u00e9e Maas, Marc Molling, Kim Rauchs, Carole Schintgen, Nadine Schmit, Diane Schwickerath, Frank Stammel.<\/td><\/tr><tr><td>2020<\/td><td>E Mann g\u00ebtt geckeg \u201eofgesot\u201c<\/td><td>Winnie Abel Roby Zenner<\/td><td>Guy Geimer &nbsp; \u201eofgesot\u201c<\/td><td>Jo\u00ebl Blei, Tiziana Di Millo, Carlo Gatti,Christine Hermes, Sophie Hermes, Georges Kirpach, Ren\u00e9e Maas, Marc Molling, Diane Schwickerath.<\/td><\/tr><tr><td>2021<\/td><td>&nbsp;&nbsp;&nbsp;&nbsp;&nbsp;&nbsp;&nbsp;&nbsp;&nbsp;&nbsp;&nbsp;&nbsp;&nbsp;&nbsp;&nbsp;&nbsp; &#8211;&nbsp;&nbsp;&nbsp;&nbsp;&nbsp;&nbsp;&nbsp;&nbsp;&nbsp;&nbsp;&nbsp;&nbsp;&nbsp;&nbsp;&nbsp;&nbsp;&nbsp;&nbsp;&nbsp;&nbsp;&nbsp;&nbsp;&nbsp;&nbsp;&nbsp;&nbsp;&nbsp;&nbsp;&nbsp;&nbsp;&nbsp;&nbsp;&nbsp;&nbsp;&nbsp;&nbsp;&nbsp;&nbsp;&nbsp;&nbsp;&nbsp;&nbsp;&nbsp;&nbsp;&nbsp;<\/td><td>&#8211;<\/td><td>&#8211;<\/td><td>&#8211;<\/td><\/tr><tr><td>2022<\/td><td>Jackpot<\/td><td>W. Binder Pierre Alzin<\/td><td>Guy Geimer<\/td><td>Chrstine Hermes, Sophie Hermes, Georges Kirpach, Ren\u00e9e Maas, Marc Molling, Josiane Schmit.<\/td><\/tr><tr><td>2023<\/td><td>Verdruddeltes an Zerknujeltes<\/td><td>Marc Weydert<\/td><td>Caroline Medernach<\/td><td>Chouer vum Kam\u00e9idi Piano: Jeff Schmidt<\/td><\/tr><\/tbody><\/table><\/figure>\n","protected":false},"excerpt":{"rendered":"<p>Datum St\u00e9ck Auteur Regisseur Acteurs 1999 De leschte Kreesch Josy Christen Raym Lepine Camille Capus,Marc Fonck, Nico Graff\u00e9, Pierre Haas, ChristineHermes, Claudine Hoffmann, Marcel Medernach, Nathalie Medernach, Sylvie Medernach, Marie-Paule &#8230;<\/p>\n","protected":false},"author":1,"featured_media":0,"parent":0,"menu_order":0,"comment_status":"closed","ping_status":"closed","template":"","meta":{"_price":"","_stock":"","_tribe_ticket_header":"","_tribe_default_ticket_provider":"","_tribe_ticket_capacity":"0","_ticket_start_date":"","_ticket_end_date":"","_tribe_ticket_show_description":"","_tribe_ticket_show_not_going":false,"_tribe_ticket_use_global_stock":"","_tribe_ticket_global_stock_level":"","_global_stock_mode":"","_global_stock_cap":"","_tribe_rsvp_for_event":"","_tribe_ticket_going_count":"","_tribe_ticket_not_going_count":"","_tribe_tickets_list":"[]","_tribe_ticket_has_attendee_info_fields":false,"footnotes":"","_tec_slr_enabled":"","_tec_slr_layout":""},"class_list":["post-2275","page","type-page","status-publish","hentry"],"ticketed":false,"_links":{"self":[{"href":"https:\/\/www.kameidi.lu\/index.php\/wp-json\/wp\/v2\/pages\/2275","targetHints":{"allow":["GET"]}}],"collection":[{"href":"https:\/\/www.kameidi.lu\/index.php\/wp-json\/wp\/v2\/pages"}],"about":[{"href":"https:\/\/www.kameidi.lu\/index.php\/wp-json\/wp\/v2\/types\/page"}],"author":[{"embeddable":true,"href":"https:\/\/www.kameidi.lu\/index.php\/wp-json\/wp\/v2\/users\/1"}],"replies":[{"embeddable":true,"href":"https:\/\/www.kameidi.lu\/index.php\/wp-json\/wp\/v2\/comments?post=2275"}],"version-history":[{"count":1,"href":"https:\/\/www.kameidi.lu\/index.php\/wp-json\/wp\/v2\/pages\/2275\/revisions"}],"predecessor-version":[{"id":2276,"href":"https:\/\/www.kameidi.lu\/index.php\/wp-json\/wp\/v2\/pages\/2275\/revisions\/2276"}],"wp:attachment":[{"href":"https:\/\/www.kameidi.lu\/index.php\/wp-json\/wp\/v2\/media?parent=2275"}],"curies":[{"name":"wp","href":"https:\/\/api.w.org\/{rel}","templated":true}]}}