{"id":2272,"date":"2024-05-02T16:13:10","date_gmt":"2024-05-02T14:13:10","guid":{"rendered":"https:\/\/www.kameidi.lu\/?page_id=2272"},"modified":"2024-05-02T16:13:10","modified_gmt":"2024-05-02T14:13:10","slug":"chronik-kabaras","status":"publish","type":"page","link":"https:\/\/www.kameidi.lu\/index.php\/chronik-kabaras\/","title":{"rendered":"Chronik Kabar\u00e4s"},"content":{"rendered":"\n<figure class=\"wp-block-table\"><table><thead><tr><td><strong>Datum<\/strong><\/td><td><strong>Cabaret<\/strong><\/td><td><strong>Texter<\/strong><\/td><td><strong>Regie<\/strong><\/td><td><strong>Acteurs<\/strong><\/td><\/tr><\/thead><tbody><tr><td>1999<\/td><td>Hoer an der Zopp<\/td><td>Nico Bemtgen Josy Christen<\/td><td>Marc Fonck<\/td><td>L\u00e9onie Fonck, Christine Hermes, Claudine Hoffman, Christiane Krier, Jos\u00e9e Krier, Jos\u00e9e Stieber, Nico Bemtgen, Marc Fonck, Nico Graff\u00e9, Claude Wolter<\/td><\/tr><tr><td>2000<\/td><td>Schauwebuergereien<\/td><td>J.Christen, Menn Hoffmann, Marc Maas, St\u00e9nkd\u00e9ier<\/td><td>N. Bemtgen, M. Maas<\/td><td>Anouk Hoffmann, Christine Hermes, Claudine Hoffmann, Jos\u00e9e Krier, Marc Maas, Mich Kasel, Nico Bemtgen, Pit Maas, Christiane Krier, Claude Hermes, Gaby Vesque, Jos\u00e9e Stieber, Nathalie Medernach, Marcel Medernach, Nico Graff\u00e9, Sylvie Medernach. Piano: Marc Schmidt<\/td><\/tr><tr><td>2001<\/td><td>Schauwebuergereien<\/td><td>Jos Christen, Nico Bemtgen<\/td><td>N. Bemtgen, M. Maas<\/td><td>Nico Bemtgen, Christine Hermes, Claude Hermes, Anouk Hoffmann, Michel Kasel, Christiane Krier, Jos\u00e9e Krier, Marc Maas, Pit Maas, V\u00e9ronique Maas, Josiane Rauchs, Nadine Schmit. Piano: Emile Krier.<\/td><\/tr><tr><td>2002<\/td><td>Schauwebuergereien<\/td><td>Jos Christen, Marc Maas, Carole Schaus<\/td><td>M.Maas N. Bemtgen<\/td><td>Nico Bemtgen, Claude Hermes, Anouk Hoffmann, Christiane Krier, Jos\u00e9e Krier, Marc Maas, Ren\u00e9e Maas, Veronique Maas, Josiane Rauchs, Carole Schaus, Nadine Schmit, Laurent Theis. Piano: Jang Bonomo, L\u00e9on Lentz.<\/td><\/tr><tr><td>2003<\/td><td>Schauwebuergereien<\/td><td>Jos Christen, Nico Bemtgen<\/td><td>M.Maas N. Bemtgen, Claude Hermes<\/td><td>Josiane Schmit, V\u00e9ronique Maas, Christine Hermes, Mich Kasel, Anouk Hoffmann, Laurent Kinnen, Jos\u00e9e Krier, Marc Maas, Claude Hermes, Diane Schwickerath, Sonja Konz, Pit Maas, Christiane Krier, Malou Marx, Nico Bemtgen. Piano: Max Fischbach<\/td><\/tr><tr><td>2004<\/td><td>Kabar\u00e4 Mir st\u00ebmmen iech<\/td><td>Josy Braun<\/td><td>Josy Braun<\/td><td>Sonja Konz, Christiane Krier, V\u00e9ronique Maas, Jos\u00e9e Krier, Christine Hermes, Claude Hermes, Marc Maas, Nico Bemtgen Piano: Max Fischbach<\/td><\/tr><tr><td>2004<\/td><td>Schauwebuergereien<\/td><td>Josy Christen, Marc Maas, Nico Bemtgen<\/td><td>Marc Maas Nico Bemtgen<\/td><td>Josiane Schmit, Veronique Maas, Christine Hermes,Claude Stephany, Georgres Kirpach, Anouk Hoffmann, Jos\u00e9e Krier, Marc Maas, Claude Hermes, Diane Schwickerath, Sonja Konz, Christiane Krier, Nico Bemtgen, Nadine Schmit. Piano: Max Fischbach<\/td><\/tr><tr><td>2005<\/td><td>Schauwebuergereien<\/td><td>Jos Christen<\/td><td>Nico Bemtgen<\/td><td>Josiane Rauchs, V\u00e9ronique Maas, Christine Hermes, Claude Stephany, Georges Kirpach, Anouk Hoffmann, Jos\u00e9e Krier, Marc Maas, Claude Hermes, Diane Schwickerath, Sonja Konz, Christiane Krier,&nbsp; Nico Bemtgen, Nadine Schmit,&nbsp;&nbsp;&nbsp;&nbsp;&nbsp; Piano: Max Fischbach&nbsp;&nbsp;&nbsp;&nbsp;&nbsp;&nbsp;&nbsp;&nbsp;&nbsp;&nbsp;&nbsp;&nbsp;&nbsp;&nbsp;&nbsp;&nbsp;&nbsp;&nbsp;&nbsp;<\/td><\/tr><tr><td>2005<\/td><td>Kabar\u00e4 (Aweihung Museksschoul)<\/td><td>Jos Christen Josy Braun<\/td><td>&nbsp;<\/td><td>Georges Kirpach, Anouk Hoffmann, Christine Hermes, Christine Hermes, Nico Bemtgen, Diane Schwickerath, Sonja Konz, Nadine Schmit, Josiane Rauchs, V\u00e9ronique Maas, Claude Stephany, Jos\u00e9e Krier, Christiane Krier, Marc Maas,<\/td><\/tr><tr><td>2006<\/td><td>Schauwebuergereien an der ArcA<\/td><td>Jos Christen, Claude Stephany, Marc Maas, Nico Bemtgen, Anouk Hoffmann<\/td><td>Marc Maas, Leedung Gesank: Nico Bemtgen<\/td><td>Piano: Max Fischbach&nbsp;&nbsp;&nbsp;&nbsp;&nbsp;&nbsp;&nbsp;&nbsp;&nbsp;&nbsp;&nbsp;&nbsp;&nbsp;&nbsp;&nbsp;&nbsp;&nbsp;&nbsp;&nbsp;<\/td><\/tr><tr><td>2007<\/td><td>A propos Kam\u00e9idi &#8211; Vu groussen a klenge Gangsteren<\/td><td>&nbsp;<\/td><td>Josiane Schmit, Claude Hermes, Nico Bemtgen<\/td><td>Christine Hermes, Anouk Hoffmann, onja Konz, Christiane Krier, Jos\u00e9e Krier,V\u00e9ronique Maas, Diane Rauchs, Josiane Schmit, Nadine Schmit, Diane Schwickerath, Ben Bemtgen, Claude Hermes, Georges Kirpach, Marc Maas, Claude Stephany, Piano: Michel Lopes<\/td><\/tr><tr><td>2008<\/td><td>A propos Kam\u00e9idi<\/td><td>Nico Bemtgen, Christine Hermes, Claude Hermes, Marc Maas, V\u00e9ro Maas, Diane Rauchs, Josiane Schmit, Claude Stephany<\/td><td>Claude Stephany, Leedung Gesank: Nico Bemtgen<\/td><td>Nadine Schmit, Claude Hermes, Sonja Konz, V\u00e9ro Maas, Claude Stephany, Diane Schwickerath, Christine Hermes, Jos\u00e9e Krier, Marie-Paule Frank, Ben Bemtgen, Christiane Krier, Diane Rauchs, Georges Kirpach, Piano: Michel Lopes<\/td><\/tr><tr><td>2009<\/td><td>A propos Kam\u00e9idi<\/td><td>Nico Bemtgen, M-France Bemtgen, M-Paule Frank, Claude Hermes, Marc Maas, Andr\u00e9 Schmit, Josiane Schmit, Diane Schwickerath, Frank Stammel<\/td><td>Claude Stephany,<\/td><td>M-Paule Frank, Christine Hermes, Georges Kirpach, Christiane Krier, Jos\u00e9e Krier, Michel Lopes, Guy Poos, Diane Rauchs, Andr\u00e9 Schmit, Josiane Schmit, Nadine Schmit,&nbsp; Diane Schwickerath, Frank&nbsp; Stammel,Claude Stephany. Piano: Michel Lopes &nbsp; &nbsp;<\/td><\/tr><tr><td>2010<\/td><td>Josy Christen Cocktail<\/td><td>Jos Christen<\/td><td>Fons Kontz<\/td><td>Nico Bemtgen, Georges Kirpach, Claude Stephany, Diane Schwickerath, \u00c4nder Schmit, Jos\u00e9e Krier, Frank&nbsp; Stammel, Anouk Hoffmann, Marc Maas, Diane Rauchs, Josiane Rauchs, Christine Hermes, Claude Hermes, Mariette Zenner, Sonja Konz, Christiane Krier, Nadine Schmit, Jacques Hermes, Fons Kontz. Piano:Max Fischbach<\/td><\/tr><tr><td>2011<\/td><td>&nbsp;<\/td><td>&nbsp;<\/td><td>&nbsp;<\/td><td>&nbsp;<\/td><\/tr><tr><td>2012<\/td><td>Kabar\u00e4 Duerfgespr\u00e9ich<\/td><td>Jos Christen Josy Braun Marc Maas Claude Stephany<\/td><td>Fons Kontz<\/td><td>Jo\u00ebl Blei, Cindy Denuit, CarlonGatti, Lara Gudendorf, Christine Hermes,Claude Hermes, Sophie Hermes, Jill Junius, Georges Kirpach, Jos\u00e9e Krier, Sonja Konz, Marc Maas, Josy Maculan, Diane Rauchs, Kim Rauchs, Josiane Schmit, Diane Schwickerath.<\/td><\/tr><tr><td>2013<\/td><td>Wat en Zirkus<\/td><td>Claude Stephany Al Ginther Fons Kontz<\/td><td>Marc Maas<\/td><td>Jo\u00ebl Blei, Carlo Gatti, Christine Hermes, Jacques Hermes, Sophie Hermes, Anouk Hoffmann, Georges Kirpach, Marc Maas, Josy Maculan, Diane Rauchs, Kim Rauchs, Josiane Schmit, Diane Schwickerath. Piano: Max Fischbach.<\/td><\/tr><tr><td>2014<\/td><td>Alles Schantjen<\/td><td>Marc Maas, Claude Hermes, Claude Stephany, Jemp Schuster.<\/td><td>Fons Kontz<\/td><td>Carlo Gatti,Christine Hermes, Anouk Hoffmann, Georges Kirpach, Sonja Konz, Josy Maculan, Diane Rauchs, Josiane Schmit, Diane Schwickerath, Piano: Max Fischbach.<\/td><\/tr><tr><td>2015<\/td><td>Alles Rosa<\/td><td>Christine Hermes, Claude Hermes, Sophie Hermes, Sonja Konz, Pir Krier, Marc Maas, Ren\u00e9e Maas,V\u00e9ronique Maas, Diane Rauchs, Josiane Schmit, Jos\u00e9e Thillmany<\/td><td>Jos\u00e9e Thillmany Marc Maas<\/td><td>Carlo Gatti, Christine Hermes, Claude Hermes, Sophie Hermes, Georges Kirpach, Sonja Konz, Jos\u00e9e Krier,Marc Maas, Diane Rauchs, Josiane Schmit, Nadine Schmit, Diane Schwickerath. Piano: Max Fischbach<\/td><\/tr><tr><td>2016<\/td><td>Eemol laache wanschgelift<\/td><td>Claude Hermes, Sonja Konz, Marc Maas, V\u00e9ronique Maas, Josiane Schmit.<\/td><td>Marc Maas<\/td><td>Max Fischbach, Carlo Gatti, Christine Hermes, Jill Junius, Georges Kirpach, Sonja Konz, Jos\u00e9e Krier, Antonella Lovece, Marc Maas, Marc Molling, Diane Rauchs, Josiane Schmit, Nadine schmit, Diane Schwickerath, Frank Stammel. Piano: Max Fischbach<\/td><\/tr><tr><td>2017<\/td><td>Let\u2019s Make It Fluppen<\/td><td>Christne Hermes, Claude Hermes, Sonja Konz, Marc Maas, V\u00e9ronique Maas, Josiane Schmit, Laurent Schmit, Nadine Schmit, Tiziana Di Millo, Joana Dos Santos Cardoso, Sophie Hermes, Kim Rauchs, Carole Schintgen<\/td><td>Marc Maas Christine Hermes<\/td><td>Jo\u00ebl Blei, Tiziana Di Millo, Max Fischbach, Carlo Gatti, Christine Hermes, Claude Hermes, Sophie Hermes, Jill Junius, Georges Kirpach, Sonja Konz, Jos\u00e9e Krier, Antonella Lovece, Marc Maas, Marc Molling, Joana Santos Cardoso, Carole Schintgen, Josiane Schmit, Nadine Schmit, Diane Schwickerath. Piano: Max Fischbach<\/td><\/tr><tr><td>2018<\/td><td>Bekenn Faarw<\/td><td>&nbsp;<\/td><td>Christine Hermes Marc Maas<\/td><td>Tiziana Di Millo, Christine Hermes, Claude Hermes, Sophie Hermes, Georges Kirpach, Sonja Konz, Laurence Kieffer, Jos\u00e9e Krier, Antonella Lovece, Marc Maas, Marrc Molling, Kim Rauchs, Carole Schintgen, Josiane Schmit, Nadine Schmit, Diane Schwickerath. Piano Jeff Schmidt<\/td><\/tr><tr><td>2019<\/td><td>den Dag dono<\/td><td>Christine Hermes, Claude Hermes, Laurence Kieffer, Sonja Konz, Marc Maas, Ren\u00e9e Maas, V\u00e9ronique Maas, Marc Molling, Diane Rauchs, Josiane Schmit, Tiziana Di Millo, Sophie Hermes, Kim Rauchs, Carole Schintgen.<\/td><td>Christine Hermes, Marc Maas.<\/td><td>Tiziana Di Millo, Carlo Gatti, Christine Hermes, Sophie Hermes, Georges Kirpach, Sonja Konz, Jos\u00e9e Krier, Antonella Lovece, Jemp Mallinger, Marc Maas, Marc Molling, Diane Rauchs, Kim Rauchs, Carole Schintgen, Josiane Schmit, Nadine Schmit. &nbsp; &nbsp;<\/td><\/tr><tr><td>2020<\/td><td>&#8211;<\/td><td>&#8211;<\/td><td>&#8211;<\/td><td>&#8211;<\/td><\/tr><tr><td>2021<\/td><td>3G Gegrinst,Gelaacht Gegr\u00f6\u00f6lt<\/td><td>Claude Hermes Marc Maas Josiane Rauchs Sophie Hermes<\/td><td>Marc Maas, Christine Hermes<\/td><td>Tiziana Di Millo, Christine Hermes, Claude Hermes, Sophie Hermes, Georges Kirpach, Antonella Lovece, Marc Maas, Marc Molling, Diane Rauchs, Diane Schwickerath, Josiane Schmit. Piano Jeff Schmidt<\/td><\/tr><tr><td>2022<\/td><td>Et dr\u00e9int op der Duerfwiss<\/td><td>Claude Hermes, Guy Geimer, Antonella Lovece, Marc Maas, V\u00e9ronique Maas, Josiane Schmit<\/td><td>Josiane Rauchs Caroline Medernach<\/td><td>Anouk Frantz, Christine Hermes, Claude Hermes, Jill Junius, Kimia Leclercq, Antonella Lovece, Marc Molling, Josiane Schmit, Nadine Schmit. Piano: Jeff Schmidt<\/td><\/tr><tr><td>2023<\/td><td>&#8211;<\/td><td>&#8211;<\/td><td>&#8211;<\/td><td>&#8211;<\/td><\/tr><\/tbody><\/table><\/figure>\n","protected":false},"excerpt":{"rendered":"<p>Datum Cabaret Texter Regie Acteurs 1999 Hoer an der Zopp Nico Bemtgen Josy Christen Marc Fonck L\u00e9onie Fonck, Christine Hermes, Claudine Hoffman, Christiane Krier, Jos\u00e9e Krier, Jos\u00e9e Stieber, Nico Bemtgen, &#8230;<\/p>\n","protected":false},"author":1,"featured_media":0,"parent":0,"menu_order":0,"comment_status":"closed","ping_status":"closed","template":"","meta":{"_price":"","_stock":"","_tribe_ticket_header":"","_tribe_default_ticket_provider":"","_tribe_ticket_capacity":"0","_ticket_start_date":"","_ticket_end_date":"","_tribe_ticket_show_description":"","_tribe_ticket_show_not_going":false,"_tribe_ticket_use_global_stock":"","_tribe_ticket_global_stock_level":"","_global_stock_mode":"","_global_stock_cap":"","_tribe_rsvp_for_event":"","_tribe_ticket_going_count":"","_tribe_ticket_not_going_count":"","_tribe_tickets_list":"[]","_tribe_ticket_has_attendee_info_fields":false,"footnotes":"","_tec_slr_enabled":"","_tec_slr_layout":""},"class_list":["post-2272","page","type-page","status-publish","hentry"],"ticketed":false,"_links":{"self":[{"href":"https:\/\/www.kameidi.lu\/index.php\/wp-json\/wp\/v2\/pages\/2272","targetHints":{"allow":["GET"]}}],"collection":[{"href":"https:\/\/www.kameidi.lu\/index.php\/wp-json\/wp\/v2\/pages"}],"about":[{"href":"https:\/\/www.kameidi.lu\/index.php\/wp-json\/wp\/v2\/types\/page"}],"author":[{"embeddable":true,"href":"https:\/\/www.kameidi.lu\/index.php\/wp-json\/wp\/v2\/users\/1"}],"replies":[{"embeddable":true,"href":"https:\/\/www.kameidi.lu\/index.php\/wp-json\/wp\/v2\/comments?post=2272"}],"version-history":[{"count":1,"href":"https:\/\/www.kameidi.lu\/index.php\/wp-json\/wp\/v2\/pages\/2272\/revisions"}],"predecessor-version":[{"id":2273,"href":"https:\/\/www.kameidi.lu\/index.php\/wp-json\/wp\/v2\/pages\/2272\/revisions\/2273"}],"wp:attachment":[{"href":"https:\/\/www.kameidi.lu\/index.php\/wp-json\/wp\/v2\/media?parent=2272"}],"curies":[{"name":"wp","href":"https:\/\/api.w.org\/{rel}","templated":true}]}}